{"id":3389,"date":"2022-07-04T08:26:26","date_gmt":"2022-07-04T11:26:26","guid":{"rendered":"https:\/\/serviciodjs.cloud\/?post_type=product&#038;p=3389"},"modified":"2024-10-23T08:05:58","modified_gmt":"2024-10-23T11:05:58","slug":"dj-luc14no-antileo-pack-remixes-vol-11","status":"publish","type":"product","link":"https:\/\/serviciodjs.cloud\/index.php\/product\/dj-luc14no-antileo-pack-remixes-vol-11\/","title":{"rendered":"DJ Luc14no Antileo &#8211; Pack Remixes Vol 11"},"content":{"rendered":"&#9888; <strong>El m\u00f3dulo no puede ser renderizado porque el contenido solicitado no es (ya) accesible. P\u00f3ngase en contacto con el administrador para obtener acceso.<\/strong>\n","protected":false},"excerpt":{"rendered":"<div style=\"background-color: #f7f7f7; padding: 20px; border-radius: 10px;\">\n<h2 style=\"margin-bottom: 10px; font-size: 20px; color: #333;\">\ud83c\udfb6 \u00a1M\u00fasica para DJs disponible ahora!<\/h2>\n<p style=\"margin-bottom: 10px; font-size: 16px; color: #666;\">\ud83d\udd17 Descarga tus canciones favoritas en calidad Mp3-320kbps.<\/p>\n<p style=\"margin-bottom: 10px; font-size: 16px; color: #666;\">\ud83d\ude80 Descarga instant\u00e1nea: Los enlaces estar\u00e1n disponibles inmediatamente despu\u00e9s de la compra.<\/p>\n<p style=\"margin-bottom: 0; font-size: 16px; color: #666;\">\ud83d\udd12 100% seguro y confiable: Compra con confianza, tus datos est\u00e1n protegidos.<\/p>\n<\/div>\n","protected":false},"featured_media":3390,"template":"","meta":{"om_disable_all_campaigns":false,"_mi_skip_tracking":false},"product_brand":[],"product_cat":[47],"product_tag":[],"class_list":{"0":"post-3389","1":"product","2":"type-product","3":"status-publish","4":"has-post-thumbnail","6":"product_cat-dj-remixer","7":"zita-woo-hover-zoom","8":"zita-woo-alignment-center","9":"zita-shadow-0","10":"zita-shadow-hover-0","11":"zita-single-product-content-left","12":"zita-single-product-tab-horizontal","14":"first","15":"instock","16":"virtual","17":"purchasable","18":"product-type-simple"},"aioseo_notices":[],"jetpack_sharing_enabled":true,"_links":{"self":[{"href":"https:\/\/serviciodjs.cloud\/index.php\/wp-json\/wp\/v2\/product\/3389","targetHints":{"allow":["GET"]}}],"collection":[{"href":"https:\/\/serviciodjs.cloud\/index.php\/wp-json\/wp\/v2\/product"}],"about":[{"href":"https:\/\/serviciodjs.cloud\/index.php\/wp-json\/wp\/v2\/types\/product"}],"wp:featuredmedia":[{"embeddable":true,"href":"https:\/\/serviciodjs.cloud\/index.php\/wp-json\/wp\/v2\/media\/3390"}],"wp:attachment":[{"href":"https:\/\/serviciodjs.cloud\/index.php\/wp-json\/wp\/v2\/media?parent=3389"}],"wp:term":[{"taxonomy":"product_brand","embeddable":true,"href":"https:\/\/serviciodjs.cloud\/index.php\/wp-json\/wp\/v2\/product_brand?post=3389"},{"taxonomy":"product_cat","embeddable":true,"href":"https:\/\/serviciodjs.cloud\/index.php\/wp-json\/wp\/v2\/product_cat?post=3389"},{"taxonomy":"product_tag","embeddable":true,"href":"https:\/\/serviciodjs.cloud\/index.php\/wp-json\/wp\/v2\/product_tag?post=3389"}],"curies":[{"name":"wp","href":"https:\/\/api.w.org\/{rel}","templated":true}]}}