{"id":12750,"date":"2025-11-08T19:53:08","date_gmt":"2025-11-08T22:53:08","guid":{"rendered":"https:\/\/serviciodjs.cloud\/?post_type=product&#038;p=12750"},"modified":"2025-11-12T07:38:22","modified_gmt":"2025-11-12T10:38:22","slug":"dj-tora-batea-noviembre-2025","status":"publish","type":"product","link":"https:\/\/serviciodjs.cloud\/index.php\/product\/dj-tora-batea-noviembre-2025\/","title":{"rendered":"Dj Tora &#8211; Batea Noviembre 2025"},"content":{"rendered":"<div id='wpcp-794fd2e4a87ae6f9b18d4f9daaff5742' class='wpcp-container'><div id='UseyourDrive' class=' audio  wpcp-has-scroll-to-top' data-module-id='wpcp-794fd2e4a87ae6f9b18d4f9daaff5742' style='display:none'><noscript><div class='UseyourDrive-nojsmessage'>Para ver este contenido, necesita tener activado JavaScript en su navegador.<br\/><a href='http:\/\/www.enable-javascript.com\/' target='_blank'>Para hacerlo, siga las siguientes instrucciones<\/a>.<\/div><\/noscript><div class='wpcp-module UseyourDrive media audio jsdisabled'  id='UseyourDrive-794fd2e4a87ae6f9b18d4f9daaff5742' data-token='794fd2e4a87ae6f9b18d4f9daaff5742' data-account-id='113180901423247875247' data-id='' data-org-id='' data-path='bnVsbA==' data-org-path='bnVsbA==' data-source='22d4093f0ea29254ae79d8871aa7d1c9' data-sort='name:asc' data-list='media' data-layout='list'><div class=\"wpcp__main-container wpcp__loading wpcp__audio no-thumbnails no-date \" style=\"width:100%; max-width:;--wpcp-data-aspect-ratio:16\/9;\" data-show-playlist=\"1\" data-open-playlist=\"1\" data-playlist-inline=\"0\" data-playlist-autoplay=\"1\" data-playlist-loop=\"0\" data-controls=\"nexttrack,volume,current,duration,skipback,jumpforward,fullscreen\" data-ads-tag-url=\"\" data-ads-skip=\"5\" data-max-height=\"none\" data-aspect-ratio=\"16\/9\" data-zip-download=\"0\">\r\n    <div class=\"loading initialize\">\r\n        <svg class=\"loader-spinner\" viewBox=\"25 25 50 50\">\r\n            <circle class=\"path\" cx=\"50\" cy=\"50\" r=\"20\" fill=\"none\" stroke-width=\"3\" stroke-miterlimit=\"10\"><\/circle>\r\n        <\/svg>\r\n    <\/div>\r\n    <audio autoplay preload=\"metadata\" playsinline webkit-playsinline><\/audio>\r\n<\/div>\r\n<\/div><\/div><div class='wpcp-module-script'><script type='text\/javascript'>if (typeof(jQuery) !== 'undefined' && typeof(jQuery.cp) !== 'undefined' && typeof(jQuery.cp.UseyourDrive) === 'function') { jQuery('#UseyourDrive-794fd2e4a87ae6f9b18d4f9daaff5742').UseyourDrive(UseyourDrive_vars); };<\/script><\/div><\/div>\n","protected":false},"excerpt":{"rendered":"<div style=\"background-color: #f7f7f7; padding: 20px; border-radius: 10px;\">\n<h2 style=\"margin-bottom: 10px; font-size: 20px; color: #333;\">\ud83c\udfb6 \u00a1M\u00fasica para DJs disponible ahora!<\/h2>\n<p style=\"margin-bottom: 10px; font-size: 16px; color: #666;\">\ud83d\udd17 Descarga tus canciones favoritas en calidad Mp3-320kbps.<\/p>\n<p style=\"margin-bottom: 10px; font-size: 16px; color: #666;\">\ud83d\ude80 Descarga instant\u00e1nea: Los enlaces estar\u00e1n disponibles inmediatamente despu\u00e9s de la compra.<\/p>\n<p style=\"margin-bottom: 0; font-size: 16px; color: #666;\">\ud83d\udd12 100% seguro y confiable: Compra con confianza, tus datos est\u00e1n protegidos.<\/p>\n<\/div>\n","protected":false},"featured_media":12751,"template":"","meta":{"om_disable_all_campaigns":false,"_mi_skip_tracking":false},"product_brand":[],"product_cat":[63],"product_tag":[],"class_list":{"0":"post-12750","1":"product","2":"type-product","3":"status-publish","4":"has-post-thumbnail","6":"product_cat-dj-tora","7":"zita-woo-hover-zoom","8":"zita-woo-alignment-center","9":"zita-shadow-0","10":"zita-shadow-hover-0","11":"zita-single-product-content-left","12":"zita-single-product-tab-horizontal","14":"first","15":"instock","16":"featured","17":"virtual","18":"purchasable","19":"product-type-simple"},"aioseo_notices":[],"jetpack_sharing_enabled":true,"_links":{"self":[{"href":"https:\/\/serviciodjs.cloud\/index.php\/wp-json\/wp\/v2\/product\/12750","targetHints":{"allow":["GET"]}}],"collection":[{"href":"https:\/\/serviciodjs.cloud\/index.php\/wp-json\/wp\/v2\/product"}],"about":[{"href":"https:\/\/serviciodjs.cloud\/index.php\/wp-json\/wp\/v2\/types\/product"}],"wp:featuredmedia":[{"embeddable":true,"href":"https:\/\/serviciodjs.cloud\/index.php\/wp-json\/wp\/v2\/media\/12751"}],"wp:attachment":[{"href":"https:\/\/serviciodjs.cloud\/index.php\/wp-json\/wp\/v2\/media?parent=12750"}],"wp:term":[{"taxonomy":"product_brand","embeddable":true,"href":"https:\/\/serviciodjs.cloud\/index.php\/wp-json\/wp\/v2\/product_brand?post=12750"},{"taxonomy":"product_cat","embeddable":true,"href":"https:\/\/serviciodjs.cloud\/index.php\/wp-json\/wp\/v2\/product_cat?post=12750"},{"taxonomy":"product_tag","embeddable":true,"href":"https:\/\/serviciodjs.cloud\/index.php\/wp-json\/wp\/v2\/product_tag?post=12750"}],"curies":[{"name":"wp","href":"https:\/\/api.w.org\/{rel}","templated":true}]}}