{"id":10091,"date":"2024-12-01T11:35:29","date_gmt":"2024-12-01T14:35:29","guid":{"rendered":"https:\/\/serviciodjs.cloud\/?post_type=product&#038;p=10091"},"modified":"2024-12-01T11:37:17","modified_gmt":"2024-12-01T14:37:17","slug":"dj-luc14no-antileo-pack-retro","status":"publish","type":"product","link":"https:\/\/serviciodjs.cloud\/index.php\/product\/dj-luc14no-antileo-pack-retro\/","title":{"rendered":"DJ Luc14no Antileo &#8211; Pack Retro"},"content":{"rendered":"<div id='wpcp-47e4db0a44959d07a6fcf55e305abcee' class='wpcp-container'><div id='UseyourDrive' class=' audio  wpcp-has-scroll-to-top' data-module-id='wpcp-47e4db0a44959d07a6fcf55e305abcee' style='display:none'><noscript><div class='UseyourDrive-nojsmessage'>Para ver este contenido, necesita tener activado JavaScript en su navegador.<br\/><a href='http:\/\/www.enable-javascript.com\/' target='_blank'>Para hacerlo, siga las siguientes instrucciones<\/a>.<\/div><\/noscript><div class='wpcp-module UseyourDrive media audio jsdisabled'  id='UseyourDrive-47e4db0a44959d07a6fcf55e305abcee' data-token='47e4db0a44959d07a6fcf55e305abcee' data-account-id='113180901423247875247' data-id='' data-org-id='' data-path='bnVsbA==' data-org-path='bnVsbA==' data-source='c606308ebd60bd1db5655ce38a848cd6' data-sort='name:asc' data-list='media' data-layout='list'><div class=\"wpcp__main-container wpcp__loading wpcp__audio no-thumbnails no-date \" style=\"width:100%; max-width:;--wpcp-data-aspect-ratio:16\/9;\" data-show-playlist=\"1\" data-open-playlist=\"1\" data-playlist-inline=\"0\" data-playlist-autoplay=\"1\" data-playlist-loop=\"0\" data-controls=\"nexttrack,volume,current,duration,skipback,jumpforward,fullscreen\" data-ads-tag-url=\"\" data-ads-skip=\"5\" data-max-height=\"none\" data-aspect-ratio=\"16\/9\" data-zip-download=\"0\">\r\n    <div class=\"loading initialize\">\r\n        <svg class=\"loader-spinner\" viewBox=\"25 25 50 50\">\r\n            <circle class=\"path\" cx=\"50\" cy=\"50\" r=\"20\" fill=\"none\" stroke-width=\"3\" stroke-miterlimit=\"10\"><\/circle>\r\n        <\/svg>\r\n    <\/div>\r\n    <audio autoplay preload=\"metadata\" playsinline webkit-playsinline><\/audio>\r\n<\/div>\r\n<\/div><\/div><div class='wpcp-module-script'><script type='text\/javascript'>if (typeof(jQuery) !== 'undefined' && typeof(jQuery.cp) !== 'undefined' && typeof(jQuery.cp.UseyourDrive) === 'function') { jQuery('#UseyourDrive-47e4db0a44959d07a6fcf55e305abcee').UseyourDrive(UseyourDrive_vars); };<\/script><\/div><\/div>\n","protected":false},"excerpt":{"rendered":"<div style=\"background-color: #f7f7f7; padding: 20px; border-radius: 10px;\">\n<h2 style=\"margin-bottom: 10px; font-size: 20px; color: #333;\">\ud83c\udfb6 \u00a1M\u00fasica para DJs disponible ahora!<\/h2>\n<p style=\"margin-bottom: 10px; font-size: 16px; color: #666;\">\ud83d\udd17 Descarga tus canciones favoritas en calidad Mp3-320kbps.<\/p>\n<p style=\"margin-bottom: 10px; font-size: 16px; color: #666;\">\ud83d\ude80 Descarga instant\u00e1nea: Los enlaces estar\u00e1n disponibles inmediatamente despu\u00e9s de la compra.<\/p>\n<p style=\"margin-bottom: 0; font-size: 16px; color: #666;\">\ud83d\udd12 100% seguro y confiable: Compra con confianza, tus datos est\u00e1n protegidos.<\/p>\n<\/div>\n","protected":false},"featured_media":10092,"template":"","meta":{"om_disable_all_campaigns":false,"_mi_skip_tracking":false},"product_brand":[],"product_cat":[47],"product_tag":[],"class_list":{"0":"post-10091","1":"product","2":"type-product","3":"status-publish","4":"has-post-thumbnail","6":"product_cat-dj-remixer","7":"zita-woo-hover-zoom","8":"zita-woo-alignment-center","9":"zita-shadow-0","10":"zita-shadow-hover-0","11":"zita-single-product-content-left","12":"zita-single-product-tab-horizontal","14":"first","15":"instock","16":"virtual","17":"purchasable","18":"product-type-simple"},"aioseo_notices":[],"jetpack_sharing_enabled":true,"_links":{"self":[{"href":"https:\/\/serviciodjs.cloud\/index.php\/wp-json\/wp\/v2\/product\/10091","targetHints":{"allow":["GET"]}}],"collection":[{"href":"https:\/\/serviciodjs.cloud\/index.php\/wp-json\/wp\/v2\/product"}],"about":[{"href":"https:\/\/serviciodjs.cloud\/index.php\/wp-json\/wp\/v2\/types\/product"}],"wp:featuredmedia":[{"embeddable":true,"href":"https:\/\/serviciodjs.cloud\/index.php\/wp-json\/wp\/v2\/media\/10092"}],"wp:attachment":[{"href":"https:\/\/serviciodjs.cloud\/index.php\/wp-json\/wp\/v2\/media?parent=10091"}],"wp:term":[{"taxonomy":"product_brand","embeddable":true,"href":"https:\/\/serviciodjs.cloud\/index.php\/wp-json\/wp\/v2\/product_brand?post=10091"},{"taxonomy":"product_cat","embeddable":true,"href":"https:\/\/serviciodjs.cloud\/index.php\/wp-json\/wp\/v2\/product_cat?post=10091"},{"taxonomy":"product_tag","embeddable":true,"href":"https:\/\/serviciodjs.cloud\/index.php\/wp-json\/wp\/v2\/product_tag?post=10091"}],"curies":[{"name":"wp","href":"https:\/\/api.w.org\/{rel}","templated":true}]}}